{"id":1816,"date":"2023-06-30T19:54:29","date_gmt":"2023-06-30T19:54:29","guid":{"rendered":"https:\/\/gorskiechatki.pl\/?page_id=1816"},"modified":"2025-02-26T07:16:18","modified_gmt":"2025-02-26T07:16:18","slug":"atrakcje","status":"publish","type":"page","link":"https:\/\/gorskiechatki.pl\/?page_id=1816","title":{"rendered":"Atrakcje"},"content":{"rendered":"\t\t<div data-elementor-type=\"wp-page\" data-elementor-id=\"1816\" class=\"elementor elementor-1816\">\n\t\t\t\t\t\t<section class=\"elementor-section elementor-top-section elementor-element elementor-element-c4d07da elementor-section-height-min-height elementor-section-full_width elementor-section-content-middle elementor-section-stretched elementor-section-height-default elementor-section-items-middle\" data-id=\"c4d07da\" data-element_type=\"section\" data-e-type=\"section\" data-settings=\"{&quot;background_background&quot;:&quot;slideshow&quot;,&quot;stretch_section&quot;:&quot;section-stretched&quot;,&quot;background_slideshow_gallery&quot;:[{&quot;id&quot;:2262,&quot;url&quot;:&quot;https:\\\/\\\/gorskiechatki.pl\\\/wp-content\\\/uploads\\\/2024\\\/05\\\/Bursztynowy_DSC_8310-69.jpg&quot;},{&quot;id&quot;:2261,&quot;url&quot;:&quot;https:\\\/\\\/gorskiechatki.pl\\\/wp-content\\\/uploads\\\/2024\\\/05\\\/Bursztynowy_DSC_8310-65.jpg&quot;},{&quot;id&quot;:2251,&quot;url&quot;:&quot;https:\\\/\\\/gorskiechatki.pl\\\/wp-content\\\/uploads\\\/2024\\\/05\\\/Blekitny_DSC_2446-52.jpg&quot;},{&quot;id&quot;:2243,&quot;url&quot;:&quot;https:\\\/\\\/gorskiechatki.pl\\\/wp-content\\\/uploads\\\/2024\\\/05\\\/Blekitny_DSC_2446-44.jpg&quot;},{&quot;id&quot;:2141,&quot;url&quot;:&quot;https:\\\/\\\/gorskiechatki.pl\\\/wp-content\\\/uploads\\\/2024\\\/05\\\/Blekitny_DSC_2446-88.jpg&quot;},{&quot;id&quot;:2128,&quot;url&quot;:&quot;https:\\\/\\\/gorskiechatki.pl\\\/wp-content\\\/uploads\\\/2024\\\/05\\\/Blekitny_DSC_2446-35.jpg&quot;}],&quot;background_slideshow_slide_transition&quot;:&quot;slide_left&quot;,&quot;background_slideshow_lazyload&quot;:&quot;yes&quot;,&quot;background_slideshow_ken_burns&quot;:&quot;yes&quot;,&quot;background_slideshow_loop&quot;:&quot;yes&quot;,&quot;background_slideshow_slide_duration&quot;:5000,&quot;background_slideshow_transition_duration&quot;:500,&quot;background_slideshow_ken_burns_zoom_direction&quot;:&quot;in&quot;}\">\n\t\t\t\t\t\t\t<div class=\"elementor-background-overlay\"><\/div>\n\t\t\t\t\t\t\t<div class=\"elementor-container elementor-column-gap-default\">\n\t\t\t\t\t<div class=\"elementor-column elementor-col-100 elementor-top-column elementor-element elementor-element-6981cbf\" data-id=\"6981cbf\" data-element_type=\"column\" data-e-type=\"column\">\n\t\t\t<div class=\"elementor-widget-wrap elementor-element-populated\">\n\t\t\t\t\t\t<div class=\"elementor-element elementor-element-5bacffe animated-slow elementor-invisible elementor-widget elementor-widget-heading\" data-id=\"5bacffe\" data-element_type=\"widget\" data-e-type=\"widget\" data-settings=\"{&quot;_animation&quot;:&quot;zoomIn&quot;}\" data-widget_type=\"heading.default\">\n\t\t\t\t<div class=\"elementor-widget-container\">\n\t\t\t\t\t<h1 class=\"elementor-heading-title elementor-size-default\">G\u00f3rskie Chatki<\/h1>\t\t\t\t<\/div>\n\t\t\t\t<\/div>\n\t\t\t\t<div class=\"elementor-element elementor-element-a062f0c animated-slow e-transform elementor-invisible elementor-widget elementor-widget-heading\" data-id=\"a062f0c\" data-element_type=\"widget\" data-e-type=\"widget\" data-settings=\"{&quot;_animation&quot;:&quot;zoomIn&quot;,&quot;_animation_delay&quot;:500,&quot;_transform_translateY_effect&quot;:{&quot;unit&quot;:&quot;px&quot;,&quot;size&quot;:32,&quot;sizes&quot;:[]},&quot;_transform_translateX_effect&quot;:{&quot;unit&quot;:&quot;px&quot;,&quot;size&quot;:&quot;&quot;,&quot;sizes&quot;:[]},&quot;_transform_translateX_effect_tablet&quot;:{&quot;unit&quot;:&quot;px&quot;,&quot;size&quot;:&quot;&quot;,&quot;sizes&quot;:[]},&quot;_transform_translateX_effect_mobile&quot;:{&quot;unit&quot;:&quot;px&quot;,&quot;size&quot;:&quot;&quot;,&quot;sizes&quot;:[]},&quot;_transform_translateY_effect_tablet&quot;:{&quot;unit&quot;:&quot;px&quot;,&quot;size&quot;:&quot;&quot;,&quot;sizes&quot;:[]},&quot;_transform_translateY_effect_mobile&quot;:{&quot;unit&quot;:&quot;px&quot;,&quot;size&quot;:&quot;&quot;,&quot;sizes&quot;:[]}}\" data-widget_type=\"heading.default\">\n\t\t\t\t<div class=\"elementor-widget-container\">\n\t\t\t\t\t<h1 class=\"elementor-heading-title elementor-size-default\">Atrakcje turystyczne<\/h1>\t\t\t\t<\/div>\n\t\t\t\t<\/div>\n\t\t\t\t\t<\/div>\n\t\t<\/div>\n\t\t\t\t\t<\/div>\n\t\t<\/section>\n\t\t\t\t<section class=\"elementor-section elementor-top-section elementor-element elementor-element-de6f66d animated-slow elementor-section-boxed elementor-section-height-default elementor-section-height-default elementor-invisible\" data-id=\"de6f66d\" data-element_type=\"section\" data-e-type=\"section\" data-settings=\"{&quot;animation&quot;:&quot;fadeInLeft&quot;}\">\n\t\t\t\t\t\t<div class=\"elementor-container elementor-column-gap-default\">\n\t\t\t\t\t<div class=\"elementor-column elementor-col-100 elementor-top-column elementor-element elementor-element-79f69de\" data-id=\"79f69de\" data-element_type=\"column\" data-e-type=\"column\">\n\t\t\t<div class=\"elementor-widget-wrap elementor-element-populated\">\n\t\t\t\t\t\t<div class=\"elementor-element elementor-element-3f74e09 elementor-widget elementor-widget-heading\" data-id=\"3f74e09\" data-element_type=\"widget\" data-e-type=\"widget\" data-widget_type=\"heading.default\">\n\t\t\t\t<div class=\"elementor-widget-container\">\n\t\t\t\t\t<h2 class=\"elementor-heading-title elementor-size-default\">Witamy w Gminie Stronie \u015al\u0105skie<\/h2>\t\t\t\t<\/div>\n\t\t\t\t<\/div>\n\t\t\t\t\t<\/div>\n\t\t<\/div>\n\t\t\t\t\t<\/div>\n\t\t<\/section>\n\t\t\t\t<section class=\"elementor-section elementor-top-section elementor-element elementor-element-aaf5818 animated-slow elementor-section-boxed elementor-section-height-default elementor-section-height-default elementor-invisible\" data-id=\"aaf5818\" data-element_type=\"section\" data-e-type=\"section\" data-settings=\"{&quot;animation&quot;:&quot;fadeIn&quot;,&quot;animation_delay&quot;:500}\">\n\t\t\t\t\t\t<div class=\"elementor-container elementor-column-gap-default\">\n\t\t\t\t\t<div class=\"elementor-column elementor-col-100 elementor-top-column elementor-element elementor-element-1d8a584\" data-id=\"1d8a584\" data-element_type=\"column\" data-e-type=\"column\">\n\t\t\t<div class=\"elementor-widget-wrap elementor-element-populated\">\n\t\t\t\t\t\t<div class=\"elementor-element elementor-element-969b263 elementor-widget__width-initial elementor-widget elementor-widget-text-editor\" data-id=\"969b263\" data-element_type=\"widget\" data-e-type=\"widget\" data-widget_type=\"text-editor.default\">\n\t\t\t\t<div class=\"elementor-widget-container\">\n\t\t\t\t\t\t\t\t\t<p>Malowniczym zak\u0105tku pe\u0142nym g\u00f3rskich krajobraz\u00f3w, rozleg\u0142ych las\u00f3w i niezat\u0142oczonych szlak\u00f3w pieszych i rowerowych. Nasze tereny, obejmuj\u0105ce Masyw \u015anie\u017cnika, G\u00f3ry Z\u0142ote i Bialskie, pozwalaj\u0105 na bezpo\u015bredni kontakt z przyrod\u0105 i umo\u017cliwiaj\u0105 zar\u00f3wno regeneruj\u0105cy, jak i aktywny wypoczynek. Gmina o spokojnym, turystycznym charakterze sta\u0142a si\u0119 symbolem spokoju i beztroski dla Dolnego \u015al\u0105ska, podobnie jak Bieszczady dla reszty kraju.<\/p><p>\u00a0<\/p><p><b>Informacja Turystyczna<\/b><\/p><p>Zanim rozpoczniesz zwiedzanie naszego regionu, warto skorzysta\u0107 z us\u0142ug Informacji Turystycznej. Centrum Edukacji, Turystyki i Kultury czeka na Ciebie, by podpowiedzie\u0107, co warto zobaczy\u0107 i u\u0142atwi\u0107 Tw\u00f3j pobyt w gminie. Znajdziesz nas pod adresem: ul. Ko\u015bciuszki 18, 57-550 Stronie \u015al\u0105skie. Mo\u017cesz tak\u017ce skontaktowa\u0107 si\u0119 z nami pod numerem telefonu: +48 74 814 32 42. Nasze godziny otwarcia to: poniedzia\u0142ek &#8211; pi\u0105tek od 8:00 do 18:00 oraz sobota od 9:00 do 12:00.<\/p><p>\u00a0<\/p><p><b>Odkryj Uroki \u015anie\u017cnickiego Parku Krajobrazowego<\/b><\/p><p>Nasz g\u00f3rski krajobraz i walory przyrodnicze s\u0105 chronione w ramach \u015anie\u017cnickiego Parku Krajobrazowego. Rozleg\u0142e sieci rzek i strumieni oraz \u0142owiska pstr\u0105ga, czy te\u017c zalew w Starej Morawie z pe\u0142nym zapleczem rekreacyjnym, stanowi\u0105 dodatkowe atrakcje na ciep\u0142e dni. Kolejka linowa Luxtorpeda prowadzi na szczyt Czarnej G\u00f3ry (1205 m n.p.m.), gdzie znajduje si\u0119 wie\u017ca widokowa, sk\u0105d podziwia\u0107 mo\u017cna przepi\u0119kne panoramy g\u00f3r. Sezon zimowy przyci\u0105ga amator\u00f3w bia\u0142ego szale\u0144stwa do naszych licznych wyci\u0105g\u00f3w narciarskich: O\u015brodka G\u00f3rskiego &#8222;Czarna G\u00f3ra&#8221; &#8211; jednego z najlepszych i najwi\u0119kszych o\u015brodk\u00f3w narciarskich w kraju, Stacji Narciarskiej &#8222;Kamienica&#8221; \u0142\u0105cz\u0105cej miejscowo\u015bci Kamienica i Boles\u0142aw\u00f3w, oraz spokojnych stok\u00f3w w Bielicach, Nowym Giera\u0142towie i Nowej Morawie.<\/p><p>\u00a0<\/p><p><b>Atrakcje Turystyczne<\/b><\/p><p>Na obszarze naszej gminy znajduje si\u0119 wiele atrakcji turystycznych i skarb\u00f3w przyrody, kt\u00f3re warto odwiedzi\u0107. Oto lista najciekawszych miejsc w Gminie Stronie \u015al\u0105skie:<\/p><ol><li><p><a href=\"https:\/\/www.kletno.pl\/\"><b>Kopalnia Uranu<\/b><\/a> &#8211; Podziemna Trasa Turystyczna w Kletnie. Ta niezwyk\u0142a kopalnia znajduje si\u0119 na p\u00f3\u0142nocnym stoku \u017bmijowca w Masywie \u015anie\u017cnika. Dzia\u0142a\u0142a w latach 1948-1953 i wydobyto tu \u0142\u0105cznie 20 ton metalicznego uranu. Mo\u017cesz odwiedzi\u0107 udost\u0119pnion\u0105 do zwiedzania sztolni\u0119 nr 18, gdzie znajdziesz kolorowe wyst\u0105pienia r\u00f3\u017cnych minera\u0142\u00f3w, takich jak ametyst, fluoryt czy kwarc mleczny.<\/p><\/li><li><p><a href=\"http:\/\/jaskinianiedzwiedzia.pl\/\"><b>Jaskinia Nied\u017awiedzia<\/b><\/a> &#8211; uznawana za naj\u0142adniejsz\u0105 jaskini\u0119 w Polsce, odkryt\u0105 w latach 60. podczas prac g\u00f3rniczych. Mo\u017cesz zwiedza\u0107 dwie trasy: turystyczn\u0105 (o d\u0142ugo\u015bci oko\u0142o 360 metr\u00f3w) i ekstremaln\u0105, kt\u00f3ra wymaga specjalistycznego sprz\u0119tu i przypomina eksploracj\u0119 groto\u0142az\u00f3w.<\/p><\/li><li><p><a href=\"https:\/\/www.wapiennik.art\/\"><b>Wapiennik \u0141askawy Kamie\u0144 w Starej Morawie<\/b><\/a> &#8211; monumentalny piec do pozyskiwania wapna palonego, wybudowany w 1850 roku. Obecnie jest galeri\u0105 sztuki i domem dla nietoperzy Podkowc\u00f3w. Mo\u017cna obserwowa\u0107 je za pomoc\u0105 kamer noktowizyjnych. Wapiennikowi towarzyszy r\u00f3wnie\u017c japo\u0144ski ogr\u00f3d z drewnian\u0105 bram\u0105 Torii.<\/p><\/li><li><p><a href=\"http:\/\/stronskiparkaktywnosci.pl\/\"><b>Stro\u0144ski Park Aktywno\u015bci &#8222;Jaskinia Nied\u017awiedzia&#8221; <\/b><\/a>&#8211; kompleks, w kt\u00f3rym znajduje si\u0119 p\u0142ywalnia i centrum odnowy biologicznej.<\/p><\/li><li><p><a href=\"https:\/\/www.muzeum-kletno.pl\/\"><b>Muzeum Ziemi w Kletnie<\/b> &#8211;<\/a> s\u0142ynie w kraju z kolekcji gniazd jaj dinozaur\u00f3w i parku jurajskiego z modelami dinozaur\u00f3w w skali 1:1.<\/p><\/li><\/ol><p>Pozosta\u0142e atrakcje to m.in. Ko\u015bci\u00f3\u0142 parafialny pw. Matki Bo\u017cej Kr\u00f3lowej Polski i \u015bw. Maternusa, Kaplica \u015bw. Onufrego w Stroniu \u015al\u0105skim oraz imponuj\u0105ca 16-metrowa tama na rzece Morawka.<\/p><p>Przyrodnicze Per\u0142y<\/p><ul><li><p>Sowia Kopa &#8211; szczyt w G\u00f3rach Z\u0142otych, gdzie mo\u017cna spacerowa\u0107 w\u015br\u00f3d licznych ska\u0142ek i bukowych las\u00f3w, b\u0119d\u0105cy ulubionym miejscem mieszka\u0144c\u00f3w Stronia \u015al\u0105skiego.<\/p><\/li><li><p>Sowie Stopnie &#8211; punkt widokowy na zboczu Sowiej Kopy, oferuj\u0105cy pi\u0119kny widok na G\u00f3ry Bialskie oraz Masyw \u015anie\u017cnika. Znajduje si\u0119 on na g\u00f3rnym urwisku pozosta\u0142ym po dawnym kamienio\u0142omie gnejsu.<\/p><\/li><li><p>G\u00f3ra \u0141ysiec &#8211; szczyt w G\u00f3rach Bialskich, gdzie mo\u017cna podziwia\u0107 formacj\u0119 skaln\u0105 Trzy Siostry, sk\u0142adaj\u0105c\u0105 si\u0119 z du\u017cych ska\u0142 o wysoko\u015bci do 20 metr\u00f3w. Jest to r\u00f3wnie\u017c doskona\u0142e miejsce dla mi\u0142o\u015bnik\u00f3w wspinaczki ska\u0142kowej.<\/p><\/li><\/ul><p>Dojazd<\/p><p>Aby dotrze\u0107 do Stronia \u015al\u0105skiego, nie ma bezpo\u015bredniego po\u0142\u0105czenia poci\u0105g\u00f3w. Mo\u017cna dojecha\u0107 poci\u0105giem do K\u0142odzka (K\u0142odzko Miasto) i nast\u0119pnie przesi\u0105\u015b\u0107 si\u0119 do autobusu, kt\u00f3ry zabierze nas do Stronia.<\/p><p>W czasie ferii zimowych oraz wakacji Polbus uruchamia po\u0142\u0105czenia autobusowe Wroc\u0142aw-Sienna, kt\u00f3re zapewniaj\u0105 wygodny dojazd na stoki narciarskie zim\u0105 oraz intensywne jednodniowe wycieczki po gminie latem. Aktualny rozk\u0142ad jazdy mo\u017cna sprawdzi\u0107 na stronie Polbus.<\/p><p>Podr\u00f3\u017cuj\u0105c samochodem z Wroc\u0142awia, nale\u017cy pod\u0105\u017ca\u0107 tras\u0105 nr 8, a nast\u0119pnie na wysoko\u015bci K\u0142odzka skr\u0119ci\u0107 na drog\u0119 nr 33 i skierowa\u0107 si\u0119 na O\u0142drzychowice K\u0142odzkie. Inn\u0105 opcj\u0105 jest skr\u0119cenie w Z\u0105bkowicach \u015al\u0105skich, a nast\u0119pnie kontynuowanie drog\u0105 nr 382 w kierunku L\u0105dka-Zdroju i dalej na drog\u0119 nr 392 w kierunku Stronia \u015al\u0105skiego.<\/p>\t\t\t\t\t\t\t\t<\/div>\n\t\t\t\t<\/div>\n\t\t\t\t\t<\/div>\n\t\t<\/div>\n\t\t\t\t\t<\/div>\n\t\t<\/section>\n\t\t\t\t<\/div>\n\t\t","protected":false},"excerpt":{"rendered":"<p>G\u00f3rskie Chatki Atrakcje turystyczne Witamy w Gminie Stronie \u015al\u0105skie Malowniczym zak\u0105tku pe\u0142nym g\u00f3rskich krajobraz\u00f3w, rozleg\u0142ych las\u00f3w i niezat\u0142oczonych szlak\u00f3w pieszych i rowerowych. Nasze tereny, obejmuj\u0105ce Masyw \u015anie\u017cnika, G\u00f3ry Z\u0142ote i Bialskie, pozwalaj\u0105 na bezpo\u015bredni kontakt z przyrod\u0105 i umo\u017cliwiaj\u0105 zar\u00f3wno regeneruj\u0105cy, jak i aktywny wypoczynek. Gmina o spokojnym, turystycznym charakterze sta\u0142a si\u0119 symbolem spokoju i [&hellip;]<\/p>\n","protected":false},"author":1,"featured_media":0,"parent":0,"menu_order":0,"comment_status":"closed","ping_status":"closed","template":"","meta":{"site-sidebar-layout":"no-sidebar","site-content-layout":"page-builder","ast-site-content-layout":"default","site-content-style":"default","site-sidebar-style":"default","ast-global-header-display":"","ast-banner-title-visibility":"","ast-main-header-display":"","ast-hfb-above-header-display":"","ast-hfb-below-header-display":"","ast-hfb-mobile-header-display":"","site-post-title":"disabled","ast-breadcrumbs-content":"","ast-featured-img":"disabled","footer-sml-layout":"","ast-disable-related-posts":"","theme-transparent-header-meta":"","adv-header-id-meta":"","stick-header-meta":"","header-above-stick-meta":"","header-main-stick-meta":"","header-below-stick-meta":"","astra-migrate-meta-layouts":"default","ast-page-background-enabled":"default","ast-page-background-meta":{"desktop":{"background-color":"var(--ast-global-color-4)","background-image":"","background-repeat":"repeat","background-position":"center center","background-size":"auto","background-attachment":"scroll","background-type":"","background-media":"","overlay-type":"","overlay-color":"","overlay-opacity":"","overlay-gradient":""},"tablet":{"background-color":"","background-image":"","background-repeat":"repeat","background-position":"center center","background-size":"auto","background-attachment":"scroll","background-type":"","background-media":"","overlay-type":"","overlay-color":"","overlay-opacity":"","overlay-gradient":""},"mobile":{"background-color":"","background-image":"","background-repeat":"repeat","background-position":"center center","background-size":"auto","background-attachment":"scroll","background-type":"","background-media":"","overlay-type":"","overlay-color":"","overlay-opacity":"","overlay-gradient":""}},"ast-content-background-meta":{"desktop":{"background-color":"var(--ast-global-color-5)","background-image":"","background-repeat":"repeat","background-position":"center center","background-size":"auto","background-attachment":"scroll","background-type":"","background-media":"","overlay-type":"","overlay-color":"","overlay-opacity":"","overlay-gradient":""},"tablet":{"background-color":"var(--ast-global-color-5)","background-image":"","background-repeat":"repeat","background-position":"center center","background-size":"auto","background-attachment":"scroll","background-type":"","background-media":"","overlay-type":"","overlay-color":"","overlay-opacity":"","overlay-gradient":""},"mobile":{"background-color":"var(--ast-global-color-5)","background-image":"","background-repeat":"repeat","background-position":"center center","background-size":"auto","background-attachment":"scroll","background-type":"","background-media":"","overlay-type":"","overlay-color":"","overlay-opacity":"","overlay-gradient":""}},"footnotes":""},"class_list":["post-1816","page","type-page","status-publish","hentry"],"yoast_head":"<!-- This site is optimized with the Yoast SEO plugin v27.1.1 - https:\/\/yoast.com\/product\/yoast-seo-wordpress\/ -->\n<title>Atrakcje - G&oacute;rskie Chatki<\/title>\n<meta name=\"description\" content=\"G\u00f3rskie Chatki \u2013 Wynajem Domk\u00f3w Drewnianych w Stroniu \u015al\u0105skim, G\u00f3rskie Chatki to idealne miejsce na relaksuj\u0105cy wypoczynek w malowniczej okolicy Stronia \u015al\u0105skiego.\" \/>\n<meta name=\"robots\" content=\"index, follow, max-snippet:-1, max-image-preview:large, max-video-preview:-1\" \/>\n<link rel=\"canonical\" href=\"https:\/\/gorskiechatki.pl\/?page_id=1816\" \/>\n<meta property=\"og:locale\" content=\"pl_PL\" \/>\n<meta property=\"og:type\" content=\"article\" \/>\n<meta property=\"og:title\" content=\"Atrakcje - G&oacute;rskie Chatki\" \/>\n<meta property=\"og:description\" content=\"G\u00f3rskie Chatki \u2013 Wynajem Domk\u00f3w Drewnianych w Stroniu \u015al\u0105skim, G\u00f3rskie Chatki to idealne miejsce na relaksuj\u0105cy wypoczynek w malowniczej okolicy Stronia \u015al\u0105skiego.\" \/>\n<meta property=\"og:url\" content=\"https:\/\/gorskiechatki.pl\/?page_id=1816\" \/>\n<meta property=\"og:site_name\" content=\"G&oacute;rskie Chatki\" \/>\n<meta property=\"article:modified_time\" content=\"2025-02-26T07:16:18+00:00\" \/>\n<meta name=\"twitter:card\" content=\"summary_large_image\" \/>\n<meta name=\"twitter:label1\" content=\"Szacowany czas czytania\" \/>\n\t<meta name=\"twitter:data1\" content=\"4 minuty\" \/>\n<script type=\"application\/ld+json\" class=\"yoast-schema-graph\">{\"@context\":\"https:\/\/schema.org\",\"@graph\":[{\"@type\":\"WebPage\",\"@id\":\"https:\/\/gorskiechatki.pl\/?page_id=1816\",\"url\":\"https:\/\/gorskiechatki.pl\/?page_id=1816\",\"name\":\"Atrakcje - G&oacute;rskie Chatki\",\"isPartOf\":{\"@id\":\"https:\/\/gorskiechatki.pl\/#website\"},\"datePublished\":\"2023-06-30T19:54:29+00:00\",\"dateModified\":\"2025-02-26T07:16:18+00:00\",\"description\":\"G\u00f3rskie Chatki \u2013 Wynajem Domk\u00f3w Drewnianych w Stroniu \u015al\u0105skim, G\u00f3rskie Chatki to idealne miejsce na relaksuj\u0105cy wypoczynek w malowniczej okolicy Stronia \u015al\u0105skiego.\",\"breadcrumb\":{\"@id\":\"https:\/\/gorskiechatki.pl\/?page_id=1816#breadcrumb\"},\"inLanguage\":\"pl-PL\",\"potentialAction\":[{\"@type\":\"ReadAction\",\"target\":[\"https:\/\/gorskiechatki.pl\/?page_id=1816\"]}]},{\"@type\":\"BreadcrumbList\",\"@id\":\"https:\/\/gorskiechatki.pl\/?page_id=1816#breadcrumb\",\"itemListElement\":[{\"@type\":\"ListItem\",\"position\":1,\"name\":\"Strona g\u0142\u00f3wna\",\"item\":\"https:\/\/gorskiechatki.pl\/\"},{\"@type\":\"ListItem\",\"position\":2,\"name\":\"Atrakcje\"}]},{\"@type\":\"WebSite\",\"@id\":\"https:\/\/gorskiechatki.pl\/#website\",\"url\":\"https:\/\/gorskiechatki.pl\/\",\"name\":\"G&oacute;rskie Chatki\",\"description\":\"Udany wypoczynek w g&oacute;rach\",\"publisher\":{\"@id\":\"https:\/\/gorskiechatki.pl\/#organization\"},\"potentialAction\":[{\"@type\":\"SearchAction\",\"target\":{\"@type\":\"EntryPoint\",\"urlTemplate\":\"https:\/\/gorskiechatki.pl\/?s={search_term_string}\"},\"query-input\":{\"@type\":\"PropertyValueSpecification\",\"valueRequired\":true,\"valueName\":\"search_term_string\"}}],\"inLanguage\":\"pl-PL\"},{\"@type\":\"Organization\",\"@id\":\"https:\/\/gorskiechatki.pl\/#organization\",\"name\":\"G&oacute;rskie Chatki\",\"url\":\"https:\/\/gorskiechatki.pl\/\",\"logo\":{\"@type\":\"ImageObject\",\"inLanguage\":\"pl-PL\",\"@id\":\"https:\/\/gorskiechatki.pl\/#\/schema\/logo\/image\/\",\"url\":\"https:\/\/gorskiechatki.pl\/wp-content\/uploads\/2023\/06\/cropped-domki_logo.png\",\"contentUrl\":\"https:\/\/gorskiechatki.pl\/wp-content\/uploads\/2023\/06\/cropped-domki_logo.png\",\"width\":638,\"height\":595,\"caption\":\"G&oacute;rskie Chatki\"},\"image\":{\"@id\":\"https:\/\/gorskiechatki.pl\/#\/schema\/logo\/image\/\"}}]}<\/script>\n<!-- \/ Yoast SEO plugin. -->","yoast_head_json":{"title":"Atrakcje - G&oacute;rskie Chatki","description":"G\u00f3rskie Chatki \u2013 Wynajem Domk\u00f3w Drewnianych w Stroniu \u015al\u0105skim, G\u00f3rskie Chatki to idealne miejsce na relaksuj\u0105cy wypoczynek w malowniczej okolicy Stronia \u015al\u0105skiego.","robots":{"index":"index","follow":"follow","max-snippet":"max-snippet:-1","max-image-preview":"max-image-preview:large","max-video-preview":"max-video-preview:-1"},"canonical":"https:\/\/gorskiechatki.pl\/?page_id=1816","og_locale":"pl_PL","og_type":"article","og_title":"Atrakcje - G&oacute;rskie Chatki","og_description":"G\u00f3rskie Chatki \u2013 Wynajem Domk\u00f3w Drewnianych w Stroniu \u015al\u0105skim, G\u00f3rskie Chatki to idealne miejsce na relaksuj\u0105cy wypoczynek w malowniczej okolicy Stronia \u015al\u0105skiego.","og_url":"https:\/\/gorskiechatki.pl\/?page_id=1816","og_site_name":"G&oacute;rskie Chatki","article_modified_time":"2025-02-26T07:16:18+00:00","twitter_card":"summary_large_image","twitter_misc":{"Szacowany czas czytania":"4 minuty"},"schema":{"@context":"https:\/\/schema.org","@graph":[{"@type":"WebPage","@id":"https:\/\/gorskiechatki.pl\/?page_id=1816","url":"https:\/\/gorskiechatki.pl\/?page_id=1816","name":"Atrakcje - G&oacute;rskie Chatki","isPartOf":{"@id":"https:\/\/gorskiechatki.pl\/#website"},"datePublished":"2023-06-30T19:54:29+00:00","dateModified":"2025-02-26T07:16:18+00:00","description":"G\u00f3rskie Chatki \u2013 Wynajem Domk\u00f3w Drewnianych w Stroniu \u015al\u0105skim, G\u00f3rskie Chatki to idealne miejsce na relaksuj\u0105cy wypoczynek w malowniczej okolicy Stronia \u015al\u0105skiego.","breadcrumb":{"@id":"https:\/\/gorskiechatki.pl\/?page_id=1816#breadcrumb"},"inLanguage":"pl-PL","potentialAction":[{"@type":"ReadAction","target":["https:\/\/gorskiechatki.pl\/?page_id=1816"]}]},{"@type":"BreadcrumbList","@id":"https:\/\/gorskiechatki.pl\/?page_id=1816#breadcrumb","itemListElement":[{"@type":"ListItem","position":1,"name":"Strona g\u0142\u00f3wna","item":"https:\/\/gorskiechatki.pl\/"},{"@type":"ListItem","position":2,"name":"Atrakcje"}]},{"@type":"WebSite","@id":"https:\/\/gorskiechatki.pl\/#website","url":"https:\/\/gorskiechatki.pl\/","name":"G&oacute;rskie Chatki","description":"Udany wypoczynek w g&oacute;rach","publisher":{"@id":"https:\/\/gorskiechatki.pl\/#organization"},"potentialAction":[{"@type":"SearchAction","target":{"@type":"EntryPoint","urlTemplate":"https:\/\/gorskiechatki.pl\/?s={search_term_string}"},"query-input":{"@type":"PropertyValueSpecification","valueRequired":true,"valueName":"search_term_string"}}],"inLanguage":"pl-PL"},{"@type":"Organization","@id":"https:\/\/gorskiechatki.pl\/#organization","name":"G&oacute;rskie Chatki","url":"https:\/\/gorskiechatki.pl\/","logo":{"@type":"ImageObject","inLanguage":"pl-PL","@id":"https:\/\/gorskiechatki.pl\/#\/schema\/logo\/image\/","url":"https:\/\/gorskiechatki.pl\/wp-content\/uploads\/2023\/06\/cropped-domki_logo.png","contentUrl":"https:\/\/gorskiechatki.pl\/wp-content\/uploads\/2023\/06\/cropped-domki_logo.png","width":638,"height":595,"caption":"G&oacute;rskie Chatki"},"image":{"@id":"https:\/\/gorskiechatki.pl\/#\/schema\/logo\/image\/"}}]}},"_links":{"self":[{"href":"https:\/\/gorskiechatki.pl\/index.php?rest_route=\/wp\/v2\/pages\/1816","targetHints":{"allow":["GET"]}}],"collection":[{"href":"https:\/\/gorskiechatki.pl\/index.php?rest_route=\/wp\/v2\/pages"}],"about":[{"href":"https:\/\/gorskiechatki.pl\/index.php?rest_route=\/wp\/v2\/types\/page"}],"author":[{"embeddable":true,"href":"https:\/\/gorskiechatki.pl\/index.php?rest_route=\/wp\/v2\/users\/1"}],"replies":[{"embeddable":true,"href":"https:\/\/gorskiechatki.pl\/index.php?rest_route=%2Fwp%2Fv2%2Fcomments&post=1816"}],"version-history":[{"count":26,"href":"https:\/\/gorskiechatki.pl\/index.php?rest_route=\/wp\/v2\/pages\/1816\/revisions"}],"predecessor-version":[{"id":2341,"href":"https:\/\/gorskiechatki.pl\/index.php?rest_route=\/wp\/v2\/pages\/1816\/revisions\/2341"}],"wp:attachment":[{"href":"https:\/\/gorskiechatki.pl\/index.php?rest_route=%2Fwp%2Fv2%2Fmedia&parent=1816"}],"curies":[{"name":"wp","href":"https:\/\/api.w.org\/{rel}","templated":true}]}}